{"id":213,"date":"2024-11-21T13:50:55","date_gmt":"2024-11-21T13:50:55","guid":{"rendered":"https:\/\/asesoramientomigrante.es\/?post_type=product&#038;p=213"},"modified":"2024-11-21T13:52:21","modified_gmt":"2024-11-21T13:52:21","slug":"suscripcion-anual-tramitaciones-de-permisos-de-trabajo","status":"publish","type":"product","link":"https:\/\/asesoramientomigrante.es\/index.php\/producto\/suscripcion-anual-tramitaciones-de-permisos-de-trabajo\/","title":{"rendered":"Suscripci\u00f3n anual tramitaciones de permisos de trabajo"},"content":{"rendered":"<p><span>La tramitaci\u00f3n de un permiso de trabajo para migrantes depende del pa\u00eds en el que se realiza, ya que cada gobierno establece sus propias pol\u00edticas migratorias y laborales. A continuaci\u00f3n, describimos de forma general el proceso t\u00edpico para obtener un permiso de trabajo:<\/span><\/p>\n<hr \/>\n<h3><strong><span>1. Verificar elegibilidad<\/span><\/strong><\/h3>\n<p><span>Antes de solicitar un permiso de trabajo, el migrante debe:<\/span><\/p>\n<ul>\n<li><span>Tener un estatus migratorio legal en el pa\u00eds (por ejemplo, visa de residencia temporal, de trabajo, de estudiante con permiso para laborar, etc.).<\/span><\/li>\n<li><span>Contar con una oferta laboral v\u00e1lida de un empleador en el pa\u00eds, en algunos casos.<\/span><\/li>\n<li><span>Cumplir con los requisitos espec\u00edficos del tipo de permiso que de<\/span><\/li>\n<\/ul>\n<hr \/>\n<h3><strong><span>2. Reunir los documentos requeridos<\/span><\/strong><\/h3>\n<p><span>Generalmente, las autoridades migratorias solicitan los siguientes documentos:<\/span><\/p>\n<ol>\n<li><strong><span>Formulario de solicitud<\/span><\/strong><span>\u00a0<\/span><\/li>\n<li><strong><span>Pasaporte vigente<\/span><\/strong><span> : Copia<\/span><\/li>\n<li><strong><span>Fotograf\u00edas<\/span><\/strong><span>:<\/span><\/li>\n<li><strong><span>Oferta de empleo<\/span><\/strong><\/li>\n<li><strong><span>Certificados acad\u00e9micos o de experiencia laboral<\/span><\/strong><span> :\u00a0<\/span><\/li>\n<li><strong><span>Constancia de solvencia econ\u00f3mica<\/span><\/strong><span> :<\/span><\/li>\n<li><strong><span>Ex\u00e1menes m\u00e9dicos<\/span><\/strong><span>: En algunos pa\u00edses<\/span><\/li>\n<li><strong><span>Pago de tasas<\/span><\/strong><span>: Comprobante<\/span><\/li>\n<li><strong>Certificado de antecedentes penales<\/strong><\/li>\n<\/ol>\n<hr \/>\n<h3><strong><span>3. Presentar la solicitud<\/span><\/strong><\/h3>\n<p><span>El solicitante<\/span><\/p>\n<p>&nbsp;<\/p>\n<hr \/>\n<h3><strong><span>4. Evaluaci\u00f3n de la solicitud<\/span><\/strong><\/h3>\n<p>&nbsp;<\/p>\n<hr \/>\n<h3><strong><span>5. Respuesta de las autoridades<\/span><\/strong><\/h3>\n<p><span>El resultado<\/span><\/p>\n<ol>\n<li><strong><span>Aprobaci\u00f3n<\/span><\/strong><span>\u00a0<\/span><\/li>\n<li><strong><span>Rechazo<\/span><\/strong><span> : Se informa<\/span><\/li>\n<\/ol>\n<hr \/>\n<h3><strong><span>6. Renovaci\u00f3n (si se aplica)<\/span><\/strong><\/h3>\n<p><span>Los permisos<\/span><\/p>\n","protected":false},"excerpt":{"rendered":"<p>Suscripci\u00f3n anual para tramitaciones de permisos de trabajo <\/p>\n","protected":false},"featured_media":0,"comment_status":"open","ping_status":"closed","template":"","meta":{"_glsr_average":0,"_glsr_ranking":0,"_glsr_reviews":0},"product_brand":[],"product_cat":[18],"product_tag":[],"class_list":{"0":"post-213","1":"product","2":"type-product","3":"status-publish","5":"product_cat-sin-categorizar","7":"first","8":"instock","9":"sale","10":"virtual","11":"purchasable","12":"product-type-simple"},"featured_image_urls":{},"appp_media":null,"_links":{"self":[{"href":"https:\/\/asesoramientomigrante.es\/index.php\/wp-json\/wp\/v2\/product\/213","targetHints":{"allow":["GET"]}}],"collection":[{"href":"https:\/\/asesoramientomigrante.es\/index.php\/wp-json\/wp\/v2\/product"}],"about":[{"href":"https:\/\/asesoramientomigrante.es\/index.php\/wp-json\/wp\/v2\/types\/product"}],"replies":[{"embeddable":true,"href":"https:\/\/asesoramientomigrante.es\/index.php\/wp-json\/wp\/v2\/comments?post=213"}],"wp:attachment":[{"href":"https:\/\/asesoramientomigrante.es\/index.php\/wp-json\/wp\/v2\/media?parent=213"}],"wp:term":[{"taxonomy":"product_brand","embeddable":true,"href":"https:\/\/asesoramientomigrante.es\/index.php\/wp-json\/wp\/v2\/product_brand?post=213"},{"taxonomy":"product_cat","embeddable":true,"href":"https:\/\/asesoramientomigrante.es\/index.php\/wp-json\/wp\/v2\/product_cat?post=213"},{"taxonomy":"product_tag","embeddable":true,"href":"https:\/\/asesoramientomigrante.es\/index.php\/wp-json\/wp\/v2\/product_tag?post=213"}],"curies":[{"name":"wp","href":"https:\/\/api.w.org\/{rel}","templated":true}]}}