{"id":97,"date":"2024-11-06T11:22:34","date_gmt":"2024-11-06T11:22:34","guid":{"rendered":"https:\/\/asesoramientomigrante.es\/?page_id=97"},"modified":"2024-11-06T11:22:34","modified_gmt":"2024-11-06T11:22:34","slug":"historia","status":"publish","type":"page","link":"https:\/\/asesoramientomigrante.es\/index.php\/historia\/","title":{"rendered":"HISTORIA"},"content":{"rendered":"\n<figure class=\"wp-block-image size-large\"><img loading=\"lazy\" decoding=\"async\" width=\"1024\" height=\"585\" src=\"https:\/\/asesoramientomigrante.es\/wp-content\/uploads\/2024\/11\/DALL\u00b7E-2024-11-06-12.22.19-A-warm-and-inviting-office-setting-that-tells-the-story-of-a-migration-documentation-and-legalization-advisory-service.-The-scene-includes-a-founders-1024x585.webp\" alt=\"\" class=\"wp-image-98\" srcset=\"https:\/\/asesoramientomigrante.es\/wp-content\/uploads\/2024\/11\/DALL\u00b7E-2024-11-06-12.22.19-A-warm-and-inviting-office-setting-that-tells-the-story-of-a-migration-documentation-and-legalization-advisory-service.-The-scene-includes-a-founders-1024x585.webp 1024w, https:\/\/asesoramientomigrante.es\/wp-content\/uploads\/2024\/11\/DALL\u00b7E-2024-11-06-12.22.19-A-warm-and-inviting-office-setting-that-tells-the-story-of-a-migration-documentation-and-legalization-advisory-service.-The-scene-includes-a-founders-600x343.webp 600w, https:\/\/asesoramientomigrante.es\/wp-content\/uploads\/2024\/11\/DALL\u00b7E-2024-11-06-12.22.19-A-warm-and-inviting-office-setting-that-tells-the-story-of-a-migration-documentation-and-legalization-advisory-service.-The-scene-includes-a-founders-300x171.webp 300w, https:\/\/asesoramientomigrante.es\/wp-content\/uploads\/2024\/11\/DALL\u00b7E-2024-11-06-12.22.19-A-warm-and-inviting-office-setting-that-tells-the-story-of-a-migration-documentation-and-legalization-advisory-service.-The-scene-includes-a-founders-768x439.webp 768w, https:\/\/asesoramientomigrante.es\/wp-content\/uploads\/2024\/11\/DALL\u00b7E-2024-11-06-12.22.19-A-warm-and-inviting-office-setting-that-tells-the-story-of-a-migration-documentation-and-legalization-advisory-service.-The-scene-includes-a-founders-1536x878.webp 1536w, https:\/\/asesoramientomigrante.es\/wp-content\/uploads\/2024\/11\/DALL\u00b7E-2024-11-06-12.22.19-A-warm-and-inviting-office-setting-that-tells-the-story-of-a-migration-documentation-and-legalization-advisory-service.-The-scene-includes-a-founders.webp 1792w\" sizes=\"auto, (max-width: 1024px) 100vw, 1024px\" \/><\/figure>\n\n\n\n<p>La idea de fundar nuestra asesor\u00eda naci\u00f3 hace m\u00e1s de una d\u00e9cada, en respuesta a la creciente necesidad de asesoramiento especializado para las personas migrantes que buscaban oportunidades y un nuevo comienzo en el pa\u00eds. Nuestro fundador, un abogado con experiencia en derecho internacional, vio de primera mano los desaf\u00edos a los que se enfrentaban los migrantes: largos y confusos procesos burocr\u00e1ticos, desinformaci\u00f3n y barreras legales que complicaban su integraci\u00f3n y permanencia en un lugar seguro.<\/p>\n\n\n\n<p>Con un peque\u00f1o equipo y una gran motivaci\u00f3n, comenzamos ofreciendo asesor\u00eda gratuita a comunidades migrantes en colaboraci\u00f3n con organizaciones locales. En esos primeros a\u00f1os, nos dimos cuenta de la importancia de un enfoque no solo legal, sino tambi\u00e9n humano. Entender las historias detr\u00e1s de cada solicitud, cada documento y cada caso, nos dio la sensibilidad necesaria para mejorar nuestros servicios y adaptarlos a las realidades de nuestros clientes.<\/p>\n\n\n\n<p>Con el tiempo, fuimos creciendo, tanto en recursos como en experiencia, y decidimos formalizar nuestra labor, convirti\u00e9ndonos en una de las primeras asesor\u00edas integrales de documentaci\u00f3n y legalizaci\u00f3n migratoria en la regi\u00f3n. Con cada nuevo cliente, reafirmamos nuestro compromiso de facilitar la adaptaci\u00f3n y la legalizaci\u00f3n de todas las personas migrantes, independientemente de su procedencia o circunstancias.<\/p>\n\n\n\n<p>Hoy en d\u00eda, nuestro equipo est\u00e1 compuesto por expertos en derecho migratorio, documentaci\u00f3n, y relaciones interculturales, y seguimos gui\u00e1ndonos por los valores de inclusi\u00f3n, empat\u00eda y justicia. La satisfacci\u00f3n de ver a nuestros clientes alcanzar la estabilidad y seguridad en su nuevo pa\u00eds nos motiva a seguir mejorando e innovando en nuestros servicios. Sabemos que cada caso es \u00fanico y que cada historia de migraci\u00f3n merece ser escuchada, respetada y respaldada.<\/p>\n","protected":false},"excerpt":{"rendered":"<p>La idea de fundar nuestra asesor\u00eda naci\u00f3 hace m\u00e1s de una d\u00e9cada, en respuesta a la creciente necesidad de asesoramiento especializado para las personas migrantes que buscaban oportunidades y un nuevo comienzo en el pa\u00eds. Nuestro fundador, un abogado con experiencia en derecho internacional, vio de primera mano los desaf\u00edos a los que se enfrentaban [&hellip;]<\/p>\n","protected":false},"author":2,"featured_media":0,"parent":0,"menu_order":0,"comment_status":"closed","ping_status":"closed","template":"","meta":{"_glsr_average":0,"_glsr_ranking":0,"_glsr_reviews":0,"footnotes":""},"class_list":["post-97","page","type-page","status-publish","hentry"],"featured_image_urls":{},"appp_media":null,"_links":{"self":[{"href":"https:\/\/asesoramientomigrante.es\/index.php\/wp-json\/wp\/v2\/pages\/97","targetHints":{"allow":["GET"]}}],"collection":[{"href":"https:\/\/asesoramientomigrante.es\/index.php\/wp-json\/wp\/v2\/pages"}],"about":[{"href":"https:\/\/asesoramientomigrante.es\/index.php\/wp-json\/wp\/v2\/types\/page"}],"author":[{"embeddable":true,"href":"https:\/\/asesoramientomigrante.es\/index.php\/wp-json\/wp\/v2\/users\/2"}],"replies":[{"embeddable":true,"href":"https:\/\/asesoramientomigrante.es\/index.php\/wp-json\/wp\/v2\/comments?post=97"}],"version-history":[{"count":1,"href":"https:\/\/asesoramientomigrante.es\/index.php\/wp-json\/wp\/v2\/pages\/97\/revisions"}],"predecessor-version":[{"id":99,"href":"https:\/\/asesoramientomigrante.es\/index.php\/wp-json\/wp\/v2\/pages\/97\/revisions\/99"}],"wp:attachment":[{"href":"https:\/\/asesoramientomigrante.es\/index.php\/wp-json\/wp\/v2\/media?parent=97"}],"curies":[{"name":"wp","href":"https:\/\/api.w.org\/{rel}","templated":true}]}}