{"id":93,"date":"2024-11-06T10:05:24","date_gmt":"2024-11-06T10:05:24","guid":{"rendered":"https:\/\/asesoramientomigrante.es\/?page_id=93"},"modified":"2024-12-11T10:17:40","modified_gmt":"2024-12-11T10:17:40","slug":"quienes-somos","status":"publish","type":"page","link":"https:\/\/asesoramientomigrante.es\/index.php\/quienes-somos\/","title":{"rendered":"\u00bfQui\u00e9nes Somos?"},"content":{"rendered":"\n<figure class=\"wp-block-image size-large\"><img loading=\"lazy\" decoding=\"async\" width=\"1024\" height=\"585\" src=\"https:\/\/asesoramientomigrante.es\/wp-content\/uploads\/2024\/11\/DALL\u00b7E-2024-11-06-12.19.24-A-professional-and-welcoming-office-environment-representing-a-documentation-and-legalization-advisory-service-for-migrants.-The-setting-features-a-mo-1024x585.webp\" alt=\"\" class=\"wp-image-95\" srcset=\"https:\/\/asesoramientomigrante.es\/wp-content\/uploads\/2024\/11\/DALL\u00b7E-2024-11-06-12.19.24-A-professional-and-welcoming-office-environment-representing-a-documentation-and-legalization-advisory-service-for-migrants.-The-setting-features-a-mo-1024x585.webp 1024w, https:\/\/asesoramientomigrante.es\/wp-content\/uploads\/2024\/11\/DALL\u00b7E-2024-11-06-12.19.24-A-professional-and-welcoming-office-environment-representing-a-documentation-and-legalization-advisory-service-for-migrants.-The-setting-features-a-mo-600x343.webp 600w, https:\/\/asesoramientomigrante.es\/wp-content\/uploads\/2024\/11\/DALL\u00b7E-2024-11-06-12.19.24-A-professional-and-welcoming-office-environment-representing-a-documentation-and-legalization-advisory-service-for-migrants.-The-setting-features-a-mo-300x171.webp 300w, https:\/\/asesoramientomigrante.es\/wp-content\/uploads\/2024\/11\/DALL\u00b7E-2024-11-06-12.19.24-A-professional-and-welcoming-office-environment-representing-a-documentation-and-legalization-advisory-service-for-migrants.-The-setting-features-a-mo-768x439.webp 768w, https:\/\/asesoramientomigrante.es\/wp-content\/uploads\/2024\/11\/DALL\u00b7E-2024-11-06-12.19.24-A-professional-and-welcoming-office-environment-representing-a-documentation-and-legalization-advisory-service-for-migrants.-The-setting-features-a-mo-1536x878.webp 1536w, https:\/\/asesoramientomigrante.es\/wp-content\/uploads\/2024\/11\/DALL\u00b7E-2024-11-06-12.19.24-A-professional-and-welcoming-office-environment-representing-a-documentation-and-legalization-advisory-service-for-migrants.-The-setting-features-a-mo.webp 1792w\" sizes=\"auto, (max-width: 1024px) 100vw, 1024px\" \/><\/figure>\n\n\n\n<p><\/p>\n\n\n\n<p>Somos una asesor\u00eda especializada en la documentaci\u00f3n y legalizaci\u00f3n para personas migrantes, comprometidos en facilitar y agilizar los procesos que permiten regularizar su situaci\u00f3n en el pa\u00eds. Nuestro equipo est\u00e1 conformado por profesionales en derecho migratorio, asesores de documentaci\u00f3n y personal capacitado para guiar a nuestros clientes en cada paso del proceso, desde la solicitud inicial hasta la obtenci\u00f3n de permisos de residencia, trabajo, y ciudadan\u00eda.<\/p>\n\n\n\n<p>Nuestro objetivo es ofrecer un servicio integral y humano, comprendiendo las particularidades de cada caso y acompa\u00f1ando a cada persona en su proceso de adaptaci\u00f3n y cumplimiento con las normas legales del pa\u00eds. Nos esforzamos en brindar informaci\u00f3n clara, respuestas r\u00e1pidas y soluciones pr\u00e1cticas a trav\u00e9s de un trato cercano y transparente, ayudando a reducir los obst\u00e1culos administrativos y haciendo el proceso lo m\u00e1s sencillo posible.<\/p>\n\n\n\n<p>Nuestra experiencia nos permite entender las necesidades y desaf\u00edos que enfrentan las personas migrantes, por lo que nos comprometemos a facilitar su integraci\u00f3n legal y su bienestar en el nuevo entorno.<\/p>\n\n\n\n<figure class=\"wp-block-video\"><video height=\"544\" style=\"aspect-ratio: 960 \/ 544;\" width=\"960\" controls src=\"https:\/\/asesoramientomigrante.es\/wp-content\/uploads\/2024\/12\/Video-de-WhatsApp-2024-12-11-a-las-10.39.52_73440f0d-1.mp4\"><\/video><\/figure>\n","protected":false},"excerpt":{"rendered":"<p>Somos una asesor\u00eda especializada en la documentaci\u00f3n y legalizaci\u00f3n para personas migrantes, comprometidos en facilitar y agilizar los procesos que permiten regularizar su situaci\u00f3n en el pa\u00eds. Nuestro equipo est\u00e1 conformado por profesionales en derecho migratorio, asesores de documentaci\u00f3n y personal capacitado para guiar a nuestros clientes en cada paso del proceso, desde la solicitud [&hellip;]<\/p>\n","protected":false},"author":2,"featured_media":0,"parent":0,"menu_order":0,"comment_status":"closed","ping_status":"closed","template":"","meta":{"_glsr_average":0,"_glsr_ranking":0,"_glsr_reviews":0,"footnotes":""},"class_list":["post-93","page","type-page","status-publish","hentry"],"featured_image_urls":{},"appp_media":null,"_links":{"self":[{"href":"https:\/\/asesoramientomigrante.es\/index.php\/wp-json\/wp\/v2\/pages\/93","targetHints":{"allow":["GET"]}}],"collection":[{"href":"https:\/\/asesoramientomigrante.es\/index.php\/wp-json\/wp\/v2\/pages"}],"about":[{"href":"https:\/\/asesoramientomigrante.es\/index.php\/wp-json\/wp\/v2\/types\/page"}],"author":[{"embeddable":true,"href":"https:\/\/asesoramientomigrante.es\/index.php\/wp-json\/wp\/v2\/users\/2"}],"replies":[{"embeddable":true,"href":"https:\/\/asesoramientomigrante.es\/index.php\/wp-json\/wp\/v2\/comments?post=93"}],"version-history":[{"count":4,"href":"https:\/\/asesoramientomigrante.es\/index.php\/wp-json\/wp\/v2\/pages\/93\/revisions"}],"predecessor-version":[{"id":273,"href":"https:\/\/asesoramientomigrante.es\/index.php\/wp-json\/wp\/v2\/pages\/93\/revisions\/273"}],"wp:attachment":[{"href":"https:\/\/asesoramientomigrante.es\/index.php\/wp-json\/wp\/v2\/media?parent=93"}],"curies":[{"name":"wp","href":"https:\/\/api.w.org\/{rel}","templated":true}]}}